{"id":1925,"date":"2020-07-10T15:51:07","date_gmt":"2020-07-10T15:51:07","guid":{"rendered":"https:\/\/www.poggio.uy\/propiedades\/?page_id=1925"},"modified":"2020-07-20T23:34:24","modified_gmt":"2020-07-20T23:34:24","slug":"empresa","status":"publish","type":"page","link":"https:\/\/www.poggio.uy\/propiedades\/empresa\/","title":{"rendered":"Empresa"},"content":{"rendered":"<p>Poggio &amp; Asoc. Propiedades La firma ha participado con gran \u00e9xito de la comercializaci\u00f3n de los principales emprendimientos inmobiliarios de nuestra ciudad y la regi\u00f3n desde 1984. A\u00f1o tras a\u00f1o, la firma es elegida como agente oficial de comercializaci\u00f3n de los produ <a href=\"https:\/\/www.poggio.uy\/propiedades\/empresa\/\" title=\"Read more on Empresa\" class=\"more-link\">read more<\/a><\/p>\n","protected":false},"excerpt":{"rendered":"<p>Poggio &amp; Asoc. Propiedades La firma ha participado con gran \u00e9xito de la comercializaci\u00f3n de los principales emprendimientos inmobiliarios de nuestra ciudad y la regi\u00f3n desde 1984. A\u00f1o tras a\u00f1o, la firma es elegida como agente oficial de comercializaci\u00f3n de los produ read more<\/p>\n","protected":false},"author":1,"featured_media":0,"parent":0,"menu_order":0,"comment_status":"closed","ping_status":"closed","template":"","meta":{"footnotes":""},"yoast_head":"<!-- This site is optimized with the Yoast SEO plugin v22.7 - https:\/\/yoast.com\/wordpress\/plugins\/seo\/ -->\n<title>Poggio &amp; Asoc. Propiedaes, Apartamentos en venta en Montevideo<\/title>\n<meta name=\"description\" content=\"Hemos participado con gran \u00e9xito en la comercializaci\u00f3n de los principales emprendimientos inmobiliarios de nuestra ciudad desde 1984.\" \/>\n<meta name=\"robots\" content=\"index, follow, max-snippet:-1, max-image-preview:large, max-video-preview:-1\" \/>\n<link rel=\"canonical\" href=\"https:\/\/www.poggio.uy\/propiedades\/empresa\/\" \/>\n<meta property=\"og:locale\" content=\"es_ES\" \/>\n<meta property=\"og:type\" content=\"article\" \/>\n<meta property=\"og:title\" content=\"Poggio &amp; Asoc. Propiedaes, Apartamentos en venta en Montevideo\" \/>\n<meta property=\"og:description\" content=\"Hemos participado con gran \u00e9xito en la comercializaci\u00f3n de los principales emprendimientos inmobiliarios de nuestra ciudad desde 1984.\" \/>\n<meta property=\"og:url\" content=\"https:\/\/www.poggio.uy\/propiedades\/empresa\/\" \/>\n<meta property=\"og:site_name\" content=\"Poggio &amp; Asoc. Propiedades\" \/>\n<meta property=\"article:modified_time\" content=\"2020-07-20T23:34:24+00:00\" \/>\n<meta name=\"twitter:card\" content=\"summary_large_image\" \/>\n<meta name=\"twitter:label1\" content=\"Est. reading time\" \/>\n\t<meta name=\"twitter:data1\" content=\"2 minutos\" \/>\n<script type=\"application\/ld+json\" class=\"yoast-schema-graph\">{\"@context\":\"https:\/\/schema.org\",\"@graph\":[{\"@type\":\"WebPage\",\"@id\":\"https:\/\/www.poggio.uy\/propiedades\/empresa\/\",\"url\":\"https:\/\/www.poggio.uy\/propiedades\/empresa\/\",\"name\":\"Poggio & Asoc. Propiedaes, Apartamentos en venta en Montevideo\",\"isPartOf\":{\"@id\":\"https:\/\/www.poggio.uy\/propiedades\/#website\"},\"datePublished\":\"2020-07-10T15:51:07+00:00\",\"dateModified\":\"2020-07-20T23:34:24+00:00\",\"description\":\"Hemos participado con gran \u00e9xito en la comercializaci\u00f3n de los principales emprendimientos inmobiliarios de nuestra ciudad desde 1984.\",\"breadcrumb\":{\"@id\":\"https:\/\/www.poggio.uy\/propiedades\/empresa\/#breadcrumb\"},\"inLanguage\":\"es-UY\",\"potentialAction\":[{\"@type\":\"ReadAction\",\"target\":[\"https:\/\/www.poggio.uy\/propiedades\/empresa\/\"]}]},{\"@type\":\"BreadcrumbList\",\"@id\":\"https:\/\/www.poggio.uy\/propiedades\/empresa\/#breadcrumb\",\"itemListElement\":[{\"@type\":\"ListItem\",\"position\":1,\"name\":\"Home\",\"item\":\"https:\/\/www.poggio.uy\/propiedades\/\"},{\"@type\":\"ListItem\",\"position\":2,\"name\":\"Empresa\"}]},{\"@type\":\"WebSite\",\"@id\":\"https:\/\/www.poggio.uy\/propiedades\/#website\",\"url\":\"https:\/\/www.poggio.uy\/propiedades\/\",\"name\":\"Poggio &amp; Asoc. Propiedades\",\"description\":\"Apartamentos en venta en Montevideo\",\"potentialAction\":[{\"@type\":\"SearchAction\",\"target\":{\"@type\":\"EntryPoint\",\"urlTemplate\":\"https:\/\/www.poggio.uy\/propiedades\/?s={search_term_string}\"},\"query-input\":\"required name=search_term_string\"}],\"inLanguage\":\"es-UY\"}]}<\/script>\n<!-- \/ Yoast SEO plugin. -->","yoast_head_json":{"title":"Poggio & Asoc. Propiedaes, Apartamentos en venta en Montevideo","description":"Hemos participado con gran \u00e9xito en la comercializaci\u00f3n de los principales emprendimientos inmobiliarios de nuestra ciudad desde 1984.","robots":{"index":"index","follow":"follow","max-snippet":"max-snippet:-1","max-image-preview":"max-image-preview:large","max-video-preview":"max-video-preview:-1"},"canonical":"https:\/\/www.poggio.uy\/propiedades\/empresa\/","og_locale":"es_ES","og_type":"article","og_title":"Poggio & Asoc. Propiedaes, Apartamentos en venta en Montevideo","og_description":"Hemos participado con gran \u00e9xito en la comercializaci\u00f3n de los principales emprendimientos inmobiliarios de nuestra ciudad desde 1984.","og_url":"https:\/\/www.poggio.uy\/propiedades\/empresa\/","og_site_name":"Poggio &amp; Asoc. Propiedades","article_modified_time":"2020-07-20T23:34:24+00:00","twitter_card":"summary_large_image","twitter_misc":{"Est. reading time":"2 minutos"},"schema":{"@context":"https:\/\/schema.org","@graph":[{"@type":"WebPage","@id":"https:\/\/www.poggio.uy\/propiedades\/empresa\/","url":"https:\/\/www.poggio.uy\/propiedades\/empresa\/","name":"Poggio & Asoc. Propiedaes, Apartamentos en venta en Montevideo","isPartOf":{"@id":"https:\/\/www.poggio.uy\/propiedades\/#website"},"datePublished":"2020-07-10T15:51:07+00:00","dateModified":"2020-07-20T23:34:24+00:00","description":"Hemos participado con gran \u00e9xito en la comercializaci\u00f3n de los principales emprendimientos inmobiliarios de nuestra ciudad desde 1984.","breadcrumb":{"@id":"https:\/\/www.poggio.uy\/propiedades\/empresa\/#breadcrumb"},"inLanguage":"es-UY","potentialAction":[{"@type":"ReadAction","target":["https:\/\/www.poggio.uy\/propiedades\/empresa\/"]}]},{"@type":"BreadcrumbList","@id":"https:\/\/www.poggio.uy\/propiedades\/empresa\/#breadcrumb","itemListElement":[{"@type":"ListItem","position":1,"name":"Home","item":"https:\/\/www.poggio.uy\/propiedades\/"},{"@type":"ListItem","position":2,"name":"Empresa"}]},{"@type":"WebSite","@id":"https:\/\/www.poggio.uy\/propiedades\/#website","url":"https:\/\/www.poggio.uy\/propiedades\/","name":"Poggio &amp; Asoc. Propiedades","description":"Apartamentos en venta en Montevideo","potentialAction":[{"@type":"SearchAction","target":{"@type":"EntryPoint","urlTemplate":"https:\/\/www.poggio.uy\/propiedades\/?s={search_term_string}"},"query-input":"required name=search_term_string"}],"inLanguage":"es-UY"}]}},"_links":{"self":[{"href":"https:\/\/www.poggio.uy\/propiedades\/wp-json\/wp\/v2\/pages\/1925"}],"collection":[{"href":"https:\/\/www.poggio.uy\/propiedades\/wp-json\/wp\/v2\/pages"}],"about":[{"href":"https:\/\/www.poggio.uy\/propiedades\/wp-json\/wp\/v2\/types\/page"}],"author":[{"embeddable":true,"href":"https:\/\/www.poggio.uy\/propiedades\/wp-json\/wp\/v2\/users\/1"}],"replies":[{"embeddable":true,"href":"https:\/\/www.poggio.uy\/propiedades\/wp-json\/wp\/v2\/comments?post=1925"}],"version-history":[{"count":18,"href":"https:\/\/www.poggio.uy\/propiedades\/wp-json\/wp\/v2\/pages\/1925\/revisions"}],"predecessor-version":[{"id":2367,"href":"https:\/\/www.poggio.uy\/propiedades\/wp-json\/wp\/v2\/pages\/1925\/revisions\/2367"}],"wp:attachment":[{"href":"https:\/\/www.poggio.uy\/propiedades\/wp-json\/wp\/v2\/media?parent=1925"}],"curies":[{"name":"wp","href":"https:\/\/api.w.org\/{rel}","templated":true}]}}